{"id":3427,"date":"2016-01-19T10:22:25","date_gmt":"2016-01-19T10:22:25","guid":{"rendered":"http:\/\/dev.wequp.com\/overlap\/?page_id=3427"},"modified":"2025-05-12T16:34:14","modified_gmt":"2025-05-12T16:34:14","slug":"contactos","status":"publish","type":"page","link":"https:\/\/adegamarel.pt\/en\/contactos\/","title":{"rendered":"Contacts"},"content":{"rendered":"<section class=\"wpb-content-wrapper\"><p>[vc_row row_style=&#8221;full-width&#8221; padding_size=&#8221;no-padding&#8221;][vc_column padding_size=&#8221;no-padding&#8221;][rev_slider_vc alias=&#8221;contactos-fullscreen&#8221;][\/vc_column][\/vc_row][vc_row row_style=&#8221;full-width&#8221; overlap=&#8221;top&#8221; overlap_distance=&#8221;90px&#8221; padding_size=&#8221;no-padding&#8221; css=&#8221;.vc_custom_1585220792911{margin-right: 0px !important;margin-left: 0px !important;padding-right: 0px !important;padding-left: 0px !important;}&#8221; el_class=&#8221;mobile-space&#8221;][vc_column padding_size=&#8221;no-padding&#8221; css=&#8221;.vc_custom_1585221149059{margin-right: 0px !important;margin-left: 0px !important;padding-right: 0px !important;padding-left: 0px !important;}&#8221;][wyde_section_separator style=&#8221;mountain-alt&#8221; background_color=&#8221;#f5f5f5&#8243; css=&#8221;.vc_custom_1585759041605{margin-right: 0px !important;margin-left: 0px !important;padding-right: 0px !important;padding-left: 0px !important;}&#8221;][\/vc_column][\/vc_row][vc_row row_style=&#8221;full-width&#8221; equal_height=&#8221;true&#8221; vertical_align=&#8221;middle&#8221; padding_size=&#8221;no-padding&#8221; css=&#8221;.vc_custom_1585759720439{padding-top: 0px !important;padding-bottom: 0px !important;}&#8221; el_class=&#8221;mobile-space&#8221;][vc_column padding_size=&#8221;no-padding&#8221;][vc_empty_space height=&#8221;120px&#8221;][\/vc_column][\/vc_row][vc_row row_style=&#8221;full-width&#8221; equal_height=&#8221;true&#8221; vertical_align=&#8221;middle&#8221; padding_size=&#8221;no-padding&#8221; css=&#8221;.vc_custom_1585759512870{padding-top: 0px !important;padding-bottom: 0px !important;}&#8221; el_class=&#8221;contact-page&#8221;][vc_column padding_size=&#8221;no-padding&#8221; width=&#8221;1\/2&#8243;][wyde_gmaps height=&#8221;900&#8243; show_info=&#8221;true&#8221; values=&#8221;%5B%7B%22address%22%3A%22%3Cstrong%3ESoc.%20Vitivin%C3%ADcola%20Courela%20dos%20Aleixos%2C%20Lda.%3C%2Fstrong%3E%3Cbr%20%2F%3E%5CnEN%20385%2C%20km%2021%5Cn7885-012%20Amareleja%3Cbr%20%2F%3E%5Cn%3Cp%3E%5Cn%3Ci%20class%3D%5C%22fa%20fa-envelope%5C%22%3E%3C%2Fi%3E%20adega%40adegamarel.pt%5Cn%3C%2Fp%3E%5Cn%3Cp%3EHor%C3%A1rio%3A%3Cbr%20%2F%3E%5Cn%3Ci%20class%3D%5C%22fa%20fa-clock-o%5C%22%3E%3C%2Fi%3E%20Segunda%20-%20S%C3%A1bado%209%20am%20-%206%20pm%3C%2Fp%3E%22%2C%22location%22%3A%2238.228956%2C-7.232016%22%7D%5D&#8221; gmaps=&#8221;%7B%22zoom%22%3A11%2C%22type%22%3A%22roadmap%22%2C%22center%22%3A%7B%22lat%22%3A38.228956%2C%22lng%22%3A-7.2320159999999305%7D%7D&#8221; icon=&#8221;7863&#8243;][\/vc_column][vc_column overlap_index=&#8221;500&#8243; width=&#8221;1\/2&#8243;][vc_row_inner overlap=&#8221;left&#8221; overlap_distance=&#8221;100px&#8221; overlap_index=&#8221;100&#8243; padding_size=&#8221;no-padding&#8221; css=&#8221;.vc_custom_1585759508373{padding-top: 5% !important;padding-right: 5% !important;padding-bottom: 5% !important;padding-left: 5% !important;}&#8221; background_color=&#8221;#ffffff&#8221; el_class=&#8221;contactos-form&#8221;][vc_column_inner width=&#8221;1\/2&#8243;][vc_single_image image=&#8221;7284&#8243; el_class=&#8221;logo-contactos&#8221;][vc_empty_space height=&#8221;10px&#8221;][vc_custom_heading text=&#8221;Get in Touch&#8221; font_container=&#8221;tag:h3|text_align:left&#8221; google_fonts=&#8221;font_family:Playfair%20Display%3Aregular%2Citalic%2C700%2C700italic%2C900%2C900italic|font_style:700%20bold%20italic%3A700%3Aitalic&#8221;][\/vc_column_inner][vc_column_inner text_align=&#8221;right&#8221; width=&#8221;1\/2&#8243;][vc_column_text]<strong>Soc. Vitivin\u00edcola Courela dos Aleixos, Lda.<\/strong><br \/>\nEN 385, km 21, 7885-012 Amareleja<br \/>\n<strong>e.<\/strong> <a href=\"mailto:adega@adegamarel.pt\">adega@adegamarel.pt<\/a>[\/vc_column_text][vc_empty_space height=&#8221;50px&#8221;][\/vc_column_inner][vc_column_inner padding_size=&#8221;no-padding&#8221; el_class=&#8221;clear&#8221;][vc_empty_space height=&#8221;10px&#8221;]\n<div class=\"wpcf7 no-js\" id=\"wpcf7-f4937-o1\" lang=\"en-US\" dir=\"ltr\" data-wpcf7-id=\"4937\">\n<div class=\"screen-reader-response\"><p role=\"status\" aria-live=\"polite\" aria-atomic=\"true\"><\/p> <ul><\/ul><\/div>\n<form action=\"\/en\/wp-json\/wp\/v2\/pages\/3427#wpcf7-f4937-o1\" method=\"post\" class=\"wpcf7-form init\" aria-label=\"Contact form\" novalidate=\"novalidate\" data-status=\"init\">\n<fieldset class=\"hidden-fields-container\"><input type=\"hidden\" name=\"_wpcf7\" value=\"4937\" \/><input type=\"hidden\" name=\"_wpcf7_version\" value=\"6.1.5\" \/><input type=\"hidden\" name=\"_wpcf7_locale\" value=\"en_US\" \/><input type=\"hidden\" name=\"_wpcf7_unit_tag\" value=\"wpcf7-f4937-o1\" \/><input type=\"hidden\" name=\"_wpcf7_container_post\" value=\"0\" \/><input type=\"hidden\" name=\"_wpcf7_posted_data_hash\" value=\"\" \/>\n<\/fieldset>\n<div class=\"row\">\n\t<div class=\"col col-6\">\n\t\t<p><span class=\"wpcf7-form-control-wrap\" data-name=\"your-name\"><input size=\"40\" maxlength=\"400\" class=\"wpcf7-form-control wpcf7-text wpcf7-validates-as-required\" aria-required=\"true\" aria-invalid=\"false\" placeholder=\"Name *\" value=\"\" type=\"text\" name=\"your-name\" \/><\/span>\n\t\t<\/p>\n\t\t<p><span class=\"wpcf7-form-control-wrap\" data-name=\"your-email\"><input size=\"40\" maxlength=\"400\" class=\"wpcf7-form-control wpcf7-email wpcf7-validates-as-required wpcf7-text wpcf7-validates-as-email\" aria-required=\"true\" aria-invalid=\"false\" placeholder=\"Email *\" value=\"\" type=\"email\" name=\"your-email\" \/><\/span>\n\t\t<\/p>\n\t\t<p><span class=\"wpcf7-form-control-wrap\" data-name=\"your-tel\"><input size=\"40\" maxlength=\"400\" class=\"wpcf7-form-control wpcf7-tel wpcf7-text wpcf7-validates-as-tel\" aria-invalid=\"false\" placeholder=\"Phone\" value=\"\" type=\"tel\" name=\"your-tel\" \/><\/span>\n\t\t<\/p>\n\t\t<p><span class=\"wpcf7-form-control-wrap\" data-name=\"your-subject\"><input size=\"40\" maxlength=\"400\" class=\"wpcf7-form-control wpcf7-text wpcf7-validates-as-required\" aria-required=\"true\" aria-invalid=\"false\" placeholder=\"Subject *\" value=\"\" type=\"text\" name=\"your-subject\" \/><\/span>\n\t\t<\/p>\n\t<\/div>\n\t<div class=\"col col-6\">\n\t\t<p><span class=\"wpcf7-form-control-wrap\" data-name=\"your-message\"><textarea cols=\"40\" rows=\"12\" maxlength=\"2000\" class=\"wpcf7-form-control wpcf7-textarea\" aria-invalid=\"false\" placeholder=\"Message\" name=\"your-message\"><\/textarea><\/span>\n\t\t<\/p>\n\t<\/div>\n<\/div>\n<div class=\"col col-12 clear text-center\">\n\t<p><span class=\"wpcf7-form-control-wrap\" data-name=\"acceptance-596\"><span class=\"wpcf7-form-control wpcf7-acceptance\"><span class=\"wpcf7-list-item\"><label><input type=\"checkbox\" name=\"acceptance-596\" value=\"1\" aria-invalid=\"false\" \/><span class=\"wpcf7-list-item-label\">I have read and accept the <a href=\"https:\/\/adegamarel.pt\/politica-privacidade\" target=\"_blank\">Privacy Policy terms<\/a>*.<\/span><\/label><\/span><\/span><\/span>\n\t<\/p>\n\t<p><span id=\"wpcf7-69f5b5f005c99-wrapper\" class=\"wpcf7-form-control-wrap apelido-wrap\" style=\"display:none !important; visibility:hidden !important;\"><label for=\"wpcf7-69f5b5f005c99-field\" class=\"hp-message\">Please leave this field empty.<\/label><input id=\"wpcf7-69f5b5f005c99-field\"  class=\"wpcf7-form-control wpcf7-text\" type=\"text\" name=\"apelido\" value=\"\" size=\"40\" tabindex=\"-1\" autocomplete=\"new-password\" \/><\/span>\n\t<\/p>\n\t<p style=\"padding-top:15px;\"><input class=\"send-contact\" type=\"submit\" value=\"Send a Message\" \/>\n\t<\/p>\n<\/div><div class=\"wpcf7-response-output\" aria-hidden=\"true\"><\/div>\n<\/form>\n<\/div>\n[\/vc_column_inner][\/vc_row_inner][\/vc_column][\/vc_row]<\/p>\n<\/section>","protected":false},"excerpt":{"rendered":"<p>[vc_row row_style=&#8221;full-width&#8221; padding_size=&#8221;no-padding&#8221;][vc_column padding_size=&#8221;no-padding&#8221;][rev_slider_vc alias=&#8221;contactos-fullscreen&#8221;][\/vc_column][\/vc_row][vc_row row_style=&#8221;full-width&#8221; overlap=&#8221;top&#8221; overlap_distance=&#8221;90px&#8221; padding_size=&#8221;no-padding&#8221; css=&#8221;.vc_custom_1585220792911{margin-right: 0px !important;margin-left: 0px !important;padding-right: 0px !important;padding-left: 0px !important;}&#8221; el_class=&#8221;mobile-space&#8221;][vc_column padding_size=&#8221;no-padding&#8221; css=&#8221;.vc_custom_1585221149059{margin-right: 0px !important;margin-left: 0px !important;padding-right: 0px !important;padding-left: 0px !important;}&#8221;][wyde_section_separator style=&#8221;mountain-alt&#8221; background_color=&#8221;#f5f5f5&#8243; css=&#8221;.vc_custom_1585759041605{margin-right: 0px !important;margin-left: 0px !important;padding-right: 0px !important;padding-left: 0px !important;}&#8221;][\/vc_column][\/vc_row][vc_row row_style=&#8221;full-width&#8221; equal_height=&#8221;true&#8221; vertical_align=&#8221;middle&#8221; padding_size=&#8221;no-padding&#8221; css=&#8221;.vc_custom_1585759720439{padding-top: 0px !important;padding-bottom: 0px !important;}&#8221; el_class=&#8221;mobile-space&#8221;][vc_column padding_size=&#8221;no-padding&#8221;][vc_empty_space height=&#8221;120px&#8221;][\/vc_column][\/vc_row][vc_row row_style=&#8221;full-width&#8221; equal_height=&#8221;true&#8221; vertical_align=&#8221;middle&#8221; [&hellip;]<\/p>\n","protected":false},"author":2,"featured_media":0,"parent":0,"menu_order":0,"comment_status":"closed","ping_status":"closed","template":"","meta":{"footnotes":""},"class_list":["post-3427","page","type-page","status-publish","hentry"],"yoast_head":"<!-- This site is optimized with the Yoast SEO plugin v27.5 - https:\/\/yoast.com\/product\/yoast-seo-wordpress\/ -->\n<title>Contactos Adega Marel &#8226; Adega Marel<\/title>\n<meta name=\"description\" content=\"Contactos e endere\u00e7o da Adega Marel: Sociedade Vitivin\u00edcola Courela dos Aleixos e hor\u00e1rio.\" \/>\n<meta name=\"robots\" content=\"index, follow, max-snippet:-1, max-image-preview:large, max-video-preview:-1\" \/>\n<link rel=\"canonical\" href=\"https:\/\/adegamarel.pt\/en\/contactos\/\" \/>\n<meta property=\"og:locale\" content=\"en_US\" \/>\n<meta property=\"og:type\" content=\"article\" \/>\n<meta property=\"og:title\" content=\"Contactos Adega Marel &#8226; Adega Marel\" \/>\n<meta property=\"og:description\" content=\"Contactos e endere\u00e7o da Adega Marel: Sociedade Vitivin\u00edcola Courela dos Aleixos e hor\u00e1rio.\" \/>\n<meta property=\"og:url\" content=\"https:\/\/adegamarel.pt\/en\/contactos\/\" \/>\n<meta property=\"og:site_name\" content=\"Adega Marel\" \/>\n<meta property=\"article:publisher\" content=\"https:\/\/www.facebook.com\/adega.marel\" \/>\n<meta property=\"article:modified_time\" content=\"2025-05-12T16:34:14+00:00\" \/>\n<meta name=\"twitter:card\" content=\"summary_large_image\" \/>\n<meta name=\"twitter:label1\" content=\"Est. reading time\" \/>\n\t<meta name=\"twitter:data1\" content=\"2 minutes\" \/>\n<script type=\"application\/ld+json\" class=\"yoast-schema-graph\">{\"@context\":\"https:\\\/\\\/schema.org\",\"@graph\":[{\"@type\":\"WebPage\",\"@id\":\"https:\\\/\\\/adegamarel.pt\\\/en\\\/contactos\\\/\",\"url\":\"https:\\\/\\\/adegamarel.pt\\\/en\\\/contactos\\\/\",\"name\":\"Contactos Adega Marel &#8226; Adega Marel\",\"isPartOf\":{\"@id\":\"https:\\\/\\\/adegamarel.pt\\\/en\\\/#website\"},\"datePublished\":\"2016-01-19T10:22:25+00:00\",\"dateModified\":\"2025-05-12T16:34:14+00:00\",\"description\":\"Contactos e endere\u00e7o da Adega Marel: Sociedade Vitivin\u00edcola Courela dos Aleixos e hor\u00e1rio.\",\"breadcrumb\":{\"@id\":\"https:\\\/\\\/adegamarel.pt\\\/en\\\/contactos\\\/#breadcrumb\"},\"inLanguage\":\"en-US\",\"potentialAction\":[{\"@type\":\"ReadAction\",\"target\":[[\"https:\\\/\\\/adegamarel.pt\\\/en\\\/contactos\\\/\"]]}]},{\"@type\":\"BreadcrumbList\",\"@id\":\"https:\\\/\\\/adegamarel.pt\\\/en\\\/contactos\\\/#breadcrumb\",\"itemListElement\":[{\"@type\":\"ListItem\",\"position\":1,\"name\":\"In\u00edcio\",\"item\":\"https:\\\/\\\/adegamarel.pt\\\/en\\\/\"},{\"@type\":\"ListItem\",\"position\":2,\"name\":\"Contactos\"}]},{\"@type\":\"WebSite\",\"@id\":\"https:\\\/\\\/adegamarel.pt\\\/en\\\/#website\",\"url\":\"https:\\\/\\\/adegamarel.pt\\\/en\\\/\",\"name\":\"Adega Marel\",\"description\":\"Amareleja | Alentejo\",\"publisher\":{\"@id\":\"https:\\\/\\\/adegamarel.pt\\\/en\\\/#organization\"},\"potentialAction\":[{\"@type\":\"SearchAction\",\"target\":{\"@type\":\"EntryPoint\",\"urlTemplate\":\"https:\\\/\\\/adegamarel.pt\\\/en\\\/?s={search_term_string}\"},\"query-input\":{\"@type\":\"PropertyValueSpecification\",\"valueRequired\":true,\"valueName\":\"search_term_string\"}}],\"inLanguage\":\"en-US\"},{\"@type\":\"Organization\",\"@id\":\"https:\\\/\\\/adegamarel.pt\\\/en\\\/#organization\",\"name\":\"Adega Marel\",\"url\":\"https:\\\/\\\/adegamarel.pt\\\/en\\\/\",\"logo\":{\"@type\":\"ImageObject\",\"inLanguage\":\"en-US\",\"@id\":\"https:\\\/\\\/adegamarel.pt\\\/en\\\/#\\\/schema\\\/logo\\\/image\\\/\",\"url\":\"https:\\\/\\\/adegamarel.pt\\\/wp-content\\\/uploads\\\/2019\\\/10\\\/Adega-Marel-Logos-19.png\",\"contentUrl\":\"https:\\\/\\\/adegamarel.pt\\\/wp-content\\\/uploads\\\/2019\\\/10\\\/Adega-Marel-Logos-19.png\",\"width\":100,\"height\":99,\"caption\":\"Adega Marel\"},\"image\":{\"@id\":\"https:\\\/\\\/adegamarel.pt\\\/en\\\/#\\\/schema\\\/logo\\\/image\\\/\"},\"sameAs\":[\"https:\\\/\\\/www.facebook.com\\\/adega.marel\",\"https:\\\/\\\/www.instagram.com\\\/adega.marel\\\/\",\"https:\\\/\\\/www.linkedin.com\\\/company\\\/adega-marel\"]}]}<\/script>\n<!-- \/ Yoast SEO plugin. -->","yoast_head_json":{"title":"Contactos Adega Marel &#8226; Adega Marel","description":"Contactos e endere\u00e7o da Adega Marel: Sociedade Vitivin\u00edcola Courela dos Aleixos e hor\u00e1rio.","robots":{"index":"index","follow":"follow","max-snippet":"max-snippet:-1","max-image-preview":"max-image-preview:large","max-video-preview":"max-video-preview:-1"},"canonical":"https:\/\/adegamarel.pt\/en\/contactos\/","og_locale":"en_US","og_type":"article","og_title":"Contactos Adega Marel &#8226; Adega Marel","og_description":"Contactos e endere\u00e7o da Adega Marel: Sociedade Vitivin\u00edcola Courela dos Aleixos e hor\u00e1rio.","og_url":"https:\/\/adegamarel.pt\/en\/contactos\/","og_site_name":"Adega Marel","article_publisher":"https:\/\/www.facebook.com\/adega.marel","article_modified_time":"2025-05-12T16:34:14+00:00","twitter_card":"summary_large_image","twitter_misc":{"Est. reading time":"2 minutes"},"schema":{"@context":"https:\/\/schema.org","@graph":[{"@type":"WebPage","@id":"https:\/\/adegamarel.pt\/en\/contactos\/","url":"https:\/\/adegamarel.pt\/en\/contactos\/","name":"Contactos Adega Marel &#8226; Adega Marel","isPartOf":{"@id":"https:\/\/adegamarel.pt\/en\/#website"},"datePublished":"2016-01-19T10:22:25+00:00","dateModified":"2025-05-12T16:34:14+00:00","description":"Contactos e endere\u00e7o da Adega Marel: Sociedade Vitivin\u00edcola Courela dos Aleixos e hor\u00e1rio.","breadcrumb":{"@id":"https:\/\/adegamarel.pt\/en\/contactos\/#breadcrumb"},"inLanguage":"en-US","potentialAction":[{"@type":"ReadAction","target":[["https:\/\/adegamarel.pt\/en\/contactos\/"]]}]},{"@type":"BreadcrumbList","@id":"https:\/\/adegamarel.pt\/en\/contactos\/#breadcrumb","itemListElement":[{"@type":"ListItem","position":1,"name":"In\u00edcio","item":"https:\/\/adegamarel.pt\/en\/"},{"@type":"ListItem","position":2,"name":"Contactos"}]},{"@type":"WebSite","@id":"https:\/\/adegamarel.pt\/en\/#website","url":"https:\/\/adegamarel.pt\/en\/","name":"Adega Marel","description":"Amareleja | Alentejo","publisher":{"@id":"https:\/\/adegamarel.pt\/en\/#organization"},"potentialAction":[{"@type":"SearchAction","target":{"@type":"EntryPoint","urlTemplate":"https:\/\/adegamarel.pt\/en\/?s={search_term_string}"},"query-input":{"@type":"PropertyValueSpecification","valueRequired":true,"valueName":"search_term_string"}}],"inLanguage":"en-US"},{"@type":"Organization","@id":"https:\/\/adegamarel.pt\/en\/#organization","name":"Adega Marel","url":"https:\/\/adegamarel.pt\/en\/","logo":{"@type":"ImageObject","inLanguage":"en-US","@id":"https:\/\/adegamarel.pt\/en\/#\/schema\/logo\/image\/","url":"https:\/\/adegamarel.pt\/wp-content\/uploads\/2019\/10\/Adega-Marel-Logos-19.png","contentUrl":"https:\/\/adegamarel.pt\/wp-content\/uploads\/2019\/10\/Adega-Marel-Logos-19.png","width":100,"height":99,"caption":"Adega Marel"},"image":{"@id":"https:\/\/adegamarel.pt\/en\/#\/schema\/logo\/image\/"},"sameAs":["https:\/\/www.facebook.com\/adega.marel","https:\/\/www.instagram.com\/adega.marel\/","https:\/\/www.linkedin.com\/company\/adega-marel"]}]}},"rttpg_featured_image_url":null,"rttpg_author":{"display_name":"yk_admin","author_link":"https:\/\/adegamarel.pt\/en\/author\/yk_admin\/"},"rttpg_comment":0,"rttpg_category":null,"rttpg_excerpt":"[vc_row row_style=&#8221;full-width&#8221; padding_size=&#8221;no-padding&#8221;][vc_column padding_size=&#8221;no-padding&#8221;][rev_slider_vc alias=&#8221;contactos-fullscreen&#8221;][\/vc_column][\/vc_row][vc_row row_style=&#8221;full-width&#8221; overlap=&#8221;top&#8221; overlap_distance=&#8221;90px&#8221; padding_size=&#8221;no-padding&#8221; css=&#8221;.vc_custom_1585220792911{margin-right: 0px !important;margin-left: 0px !important;padding-right: 0px !important;padding-left: 0px !important;}&#8221; el_class=&#8221;mobile-space&#8221;][vc_column padding_size=&#8221;no-padding&#8221; css=&#8221;.vc_custom_1585221149059{margin-right: 0px !important;margin-left: 0px !important;padding-right: 0px !important;padding-left: 0px !important;}&#8221;][wyde_section_separator style=&#8221;mountain-alt&#8221; background_color=&#8221;#f5f5f5&#8243; css=&#8221;.vc_custom_1585759041605{margin-right: 0px !important;margin-left: 0px !important;padding-right: 0px !important;padding-left: 0px !important;}&#8221;][\/vc_column][\/vc_row][vc_row row_style=&#8221;full-width&#8221; equal_height=&#8221;true&#8221; vertical_align=&#8221;middle&#8221; padding_size=&#8221;no-padding&#8221; css=&#8221;.vc_custom_1585759720439{padding-top: 0px !important;padding-bottom: 0px !important;}&#8221; el_class=&#8221;mobile-space&#8221;][vc_column padding_size=&#8221;no-padding&#8221;][vc_empty_space height=&#8221;120px&#8221;][\/vc_column][\/vc_row][vc_row row_style=&#8221;full-width&#8221; equal_height=&#8221;true&#8221; vertical_align=&#8221;middle&#8221;&hellip;","_links":{"self":[{"href":"https:\/\/adegamarel.pt\/en\/wp-json\/wp\/v2\/pages\/3427","targetHints":{"allow":["GET"]}}],"collection":[{"href":"https:\/\/adegamarel.pt\/en\/wp-json\/wp\/v2\/pages"}],"about":[{"href":"https:\/\/adegamarel.pt\/en\/wp-json\/wp\/v2\/types\/page"}],"author":[{"embeddable":true,"href":"https:\/\/adegamarel.pt\/en\/wp-json\/wp\/v2\/users\/2"}],"replies":[{"embeddable":true,"href":"https:\/\/adegamarel.pt\/en\/wp-json\/wp\/v2\/comments?post=3427"}],"version-history":[{"count":59,"href":"https:\/\/adegamarel.pt\/en\/wp-json\/wp\/v2\/pages\/3427\/revisions"}],"predecessor-version":[{"id":8658,"href":"https:\/\/adegamarel.pt\/en\/wp-json\/wp\/v2\/pages\/3427\/revisions\/8658"}],"wp:attachment":[{"href":"https:\/\/adegamarel.pt\/en\/wp-json\/wp\/v2\/media?parent=3427"}],"curies":[{"name":"wp","href":"https:\/\/api.w.org\/{rel}","templated":true}]}}