{"id":7344,"date":"2019-10-23T08:22:54","date_gmt":"2019-10-23T08:22:54","guid":{"rendered":"http:\/\/dev-adegamarel.younik.pt\/?page_id=7344"},"modified":"2023-08-10T14:25:00","modified_gmt":"2023-08-10T14:25:00","slug":"noticias","status":"publish","type":"page","link":"https:\/\/adegamarel.pt\/en\/noticias\/","title":{"rendered":"News"},"content":{"rendered":"<section class=\"wpb-content-wrapper\"><p>[vc_row row_style=&#8221;full-width&#8221; padding_size=&#8221;no-padding&#8221;][vc_column padding_size=&#8221;no-padding&#8221;][rev_slider_vc alias=&#8221;noticias-full&#8221;][\/vc_column][\/vc_row][vc_row row_style=&#8221;full-width&#8221; overlap=&#8221;top&#8221; overlap_distance=&#8221;90px&#8221; padding_size=&#8221;no-padding&#8221; css=&#8221;.vc_custom_1585241300889{margin-right: 0px !important;margin-bottom: 0px !important;margin-left: 0px !important;padding-right: 0px !important;padding-left: 0px !important;}&#8221;][vc_column padding_size=&#8221;no-padding&#8221; css=&#8221;.vc_custom_1585241308728{margin-right: 0px !important;margin-left: 0px !important;padding-right: 0px !important;padding-left: 0px !important;}&#8221;][wyde_section_separator style=&#8221;mountain-alt&#8221; background_color=&#8221;#f5f5f5&#8243; css=&#8221;.vc_custom_1571819631919{margin-right: 0px !important;margin-left: 0px !important;padding-right: 0px !important;padding-left: 0px !important;}&#8221;][\/vc_column][\/vc_row][vc_row row_style=&#8221;full-width&#8221; overlap=&#8221;top&#8221; overlap_distance=&#8221;90px&#8221; padding_size=&#8221;no-padding&#8221; css=&#8221;.vc_custom_1589966169446{margin-top: 0px !important;margin-right: 0px !important;margin-left: 0px !important;padding-top: 0px !important;padding-right: 0px !important;padding-left: 0px !important;}&#8221;][vc_column padding_size=&#8221;no-padding&#8221; css=&#8221;.vc_custom_1585241308728{margin-right: 0px !important;margin-left: 0px !important;padding-right: 0px !important;padding-left: 0px !important;}&#8221;][vc_empty_space height=&#8221;60px&#8221;][vc_empty_space height=&#8221;60px&#8221; el_class=&#8221;mobile-space&#8221;][\/vc_column][\/vc_row][vc_row padding_size=&#8221;no-padding&#8221; css=&#8221;.vc_custom_1585759807525{margin-top: -40px !important;padding-top: 0px !important;}&#8221;][vc_column][wyde_blog_posts view=&#8221;overlap&#8221; count=&#8221;5&#8243; excerpt_length=&#8221;20&#8243; posts_query=&#8221;order_by:date|order:DESC&#8221; animation=&#8221;fadeIn&#8221;][vc_empty_space height=&#8221;50px&#8221;][\/vc_column][\/vc_row]<\/p>\n<\/section>","protected":false},"excerpt":{"rendered":"<p>[vc_row row_style=&#8221;full-width&#8221; padding_size=&#8221;no-padding&#8221;][vc_column padding_size=&#8221;no-padding&#8221;][rev_slider_vc alias=&#8221;noticias-full&#8221;][\/vc_column][\/vc_row][vc_row row_style=&#8221;full-width&#8221; overlap=&#8221;top&#8221; overlap_distance=&#8221;90px&#8221; padding_size=&#8221;no-padding&#8221; css=&#8221;.vc_custom_1585241300889{margin-right: 0px !important;margin-bottom: 0px !important;margin-left: 0px !important;padding-right: 0px !important;padding-left: 0px !important;}&#8221;][vc_column padding_size=&#8221;no-padding&#8221; css=&#8221;.vc_custom_1585241308728{margin-right: 0px !important;margin-left: 0px !important;padding-right: 0px !important;padding-left: 0px !important;}&#8221;][wyde_section_separator style=&#8221;mountain-alt&#8221; background_color=&#8221;#f5f5f5&#8243; css=&#8221;.vc_custom_1571819631919{margin-right: 0px !important;margin-left: 0px !important;padding-right: 0px !important;padding-left: 0px !important;}&#8221;][\/vc_column][\/vc_row][vc_row row_style=&#8221;full-width&#8221; overlap=&#8221;top&#8221; overlap_distance=&#8221;90px&#8221; padding_size=&#8221;no-padding&#8221; css=&#8221;.vc_custom_1589966169446{margin-top: 0px !important;margin-right: 0px !important;margin-left: 0px !important;padding-top: 0px !important;padding-right: 0px [&hellip;]<\/p>\n","protected":false},"author":2,"featured_media":0,"parent":0,"menu_order":0,"comment_status":"closed","ping_status":"closed","template":"","meta":{"footnotes":""},"class_list":["post-7344","page","type-page","status-publish","hentry"],"yoast_head":"<!-- This site is optimized with the Yoast SEO plugin v27.4 - https:\/\/yoast.com\/product\/yoast-seo-wordpress\/ -->\n<title>Not\u00edcias Adega Marel &#8226; Adega Marel<\/title>\n<meta name=\"description\" content=\"Desde lan\u00e7amentos de novos vinhos de Talha, pr\u00e9mios e distin\u00e7\u00f5es pelo design de r\u00f3tulos, as not\u00edcias mant\u00eam a nossa comunidade actualizada.\" \/>\n<meta name=\"robots\" content=\"index, follow, max-snippet:-1, max-image-preview:large, max-video-preview:-1\" \/>\n<link rel=\"canonical\" href=\"https:\/\/adegamarel.pt\/en\/noticias\/\" \/>\n<meta property=\"og:locale\" content=\"en_US\" \/>\n<meta property=\"og:type\" content=\"article\" \/>\n<meta property=\"og:title\" content=\"Not\u00edcias Adega Marel &#8226; Adega Marel\" \/>\n<meta property=\"og:description\" content=\"Desde lan\u00e7amentos de novos vinhos de Talha, pr\u00e9mios e distin\u00e7\u00f5es pelo design de r\u00f3tulos, as not\u00edcias mant\u00eam a nossa comunidade actualizada.\" \/>\n<meta property=\"og:url\" content=\"https:\/\/adegamarel.pt\/en\/noticias\/\" \/>\n<meta property=\"og:site_name\" content=\"Adega Marel\" \/>\n<meta property=\"article:publisher\" content=\"https:\/\/www.facebook.com\/adega.marel\" \/>\n<meta property=\"article:modified_time\" content=\"2023-08-10T14:25:00+00:00\" \/>\n<meta name=\"twitter:card\" content=\"summary_large_image\" \/>\n<meta name=\"twitter:label1\" content=\"Est. reading time\" \/>\n\t<meta name=\"twitter:data1\" content=\"1 minute\" \/>\n<script type=\"application\/ld+json\" class=\"yoast-schema-graph\">{\"@context\":\"https:\\\/\\\/schema.org\",\"@graph\":[{\"@type\":\"WebPage\",\"@id\":\"https:\\\/\\\/adegamarel.pt\\\/en\\\/noticias\\\/\",\"url\":\"https:\\\/\\\/adegamarel.pt\\\/en\\\/noticias\\\/\",\"name\":\"Not\u00edcias Adega Marel &#8226; Adega Marel\",\"isPartOf\":{\"@id\":\"https:\\\/\\\/adegamarel.pt\\\/en\\\/#website\"},\"datePublished\":\"2019-10-23T08:22:54+00:00\",\"dateModified\":\"2023-08-10T14:25:00+00:00\",\"description\":\"Desde lan\u00e7amentos de novos vinhos de Talha, pr\u00e9mios e distin\u00e7\u00f5es pelo design de r\u00f3tulos, as not\u00edcias mant\u00eam a nossa comunidade actualizada.\",\"breadcrumb\":{\"@id\":\"https:\\\/\\\/adegamarel.pt\\\/en\\\/noticias\\\/#breadcrumb\"},\"inLanguage\":\"en-US\",\"potentialAction\":[{\"@type\":\"ReadAction\",\"target\":[[\"https:\\\/\\\/adegamarel.pt\\\/en\\\/noticias\\\/\"]]}]},{\"@type\":\"BreadcrumbList\",\"@id\":\"https:\\\/\\\/adegamarel.pt\\\/en\\\/noticias\\\/#breadcrumb\",\"itemListElement\":[{\"@type\":\"ListItem\",\"position\":1,\"name\":\"In\u00edcio\",\"item\":\"https:\\\/\\\/adegamarel.pt\\\/en\\\/\"},{\"@type\":\"ListItem\",\"position\":2,\"name\":\"Not\u00edcias\"}]},{\"@type\":\"WebSite\",\"@id\":\"https:\\\/\\\/adegamarel.pt\\\/en\\\/#website\",\"url\":\"https:\\\/\\\/adegamarel.pt\\\/en\\\/\",\"name\":\"Adega Marel\",\"description\":\"Amareleja | Alentejo\",\"publisher\":{\"@id\":\"https:\\\/\\\/adegamarel.pt\\\/en\\\/#organization\"},\"potentialAction\":[{\"@type\":\"SearchAction\",\"target\":{\"@type\":\"EntryPoint\",\"urlTemplate\":\"https:\\\/\\\/adegamarel.pt\\\/en\\\/?s={search_term_string}\"},\"query-input\":{\"@type\":\"PropertyValueSpecification\",\"valueRequired\":true,\"valueName\":\"search_term_string\"}}],\"inLanguage\":\"en-US\"},{\"@type\":\"Organization\",\"@id\":\"https:\\\/\\\/adegamarel.pt\\\/en\\\/#organization\",\"name\":\"Adega Marel\",\"url\":\"https:\\\/\\\/adegamarel.pt\\\/en\\\/\",\"logo\":{\"@type\":\"ImageObject\",\"inLanguage\":\"en-US\",\"@id\":\"https:\\\/\\\/adegamarel.pt\\\/en\\\/#\\\/schema\\\/logo\\\/image\\\/\",\"url\":\"https:\\\/\\\/adegamarel.pt\\\/wp-content\\\/uploads\\\/2019\\\/10\\\/Adega-Marel-Logos-19.png\",\"contentUrl\":\"https:\\\/\\\/adegamarel.pt\\\/wp-content\\\/uploads\\\/2019\\\/10\\\/Adega-Marel-Logos-19.png\",\"width\":100,\"height\":99,\"caption\":\"Adega Marel\"},\"image\":{\"@id\":\"https:\\\/\\\/adegamarel.pt\\\/en\\\/#\\\/schema\\\/logo\\\/image\\\/\"},\"sameAs\":[\"https:\\\/\\\/www.facebook.com\\\/adega.marel\",\"https:\\\/\\\/www.instagram.com\\\/adega.marel\\\/\",\"https:\\\/\\\/www.linkedin.com\\\/company\\\/adega-marel\"]}]}<\/script>\n<!-- \/ Yoast SEO plugin. -->","yoast_head_json":{"title":"Not\u00edcias Adega Marel &#8226; Adega Marel","description":"Desde lan\u00e7amentos de novos vinhos de Talha, pr\u00e9mios e distin\u00e7\u00f5es pelo design de r\u00f3tulos, as not\u00edcias mant\u00eam a nossa comunidade actualizada.","robots":{"index":"index","follow":"follow","max-snippet":"max-snippet:-1","max-image-preview":"max-image-preview:large","max-video-preview":"max-video-preview:-1"},"canonical":"https:\/\/adegamarel.pt\/en\/noticias\/","og_locale":"en_US","og_type":"article","og_title":"Not\u00edcias Adega Marel &#8226; Adega Marel","og_description":"Desde lan\u00e7amentos de novos vinhos de Talha, pr\u00e9mios e distin\u00e7\u00f5es pelo design de r\u00f3tulos, as not\u00edcias mant\u00eam a nossa comunidade actualizada.","og_url":"https:\/\/adegamarel.pt\/en\/noticias\/","og_site_name":"Adega Marel","article_publisher":"https:\/\/www.facebook.com\/adega.marel","article_modified_time":"2023-08-10T14:25:00+00:00","twitter_card":"summary_large_image","twitter_misc":{"Est. reading time":"1 minute"},"schema":{"@context":"https:\/\/schema.org","@graph":[{"@type":"WebPage","@id":"https:\/\/adegamarel.pt\/en\/noticias\/","url":"https:\/\/adegamarel.pt\/en\/noticias\/","name":"Not\u00edcias Adega Marel &#8226; Adega Marel","isPartOf":{"@id":"https:\/\/adegamarel.pt\/en\/#website"},"datePublished":"2019-10-23T08:22:54+00:00","dateModified":"2023-08-10T14:25:00+00:00","description":"Desde lan\u00e7amentos de novos vinhos de Talha, pr\u00e9mios e distin\u00e7\u00f5es pelo design de r\u00f3tulos, as not\u00edcias mant\u00eam a nossa comunidade actualizada.","breadcrumb":{"@id":"https:\/\/adegamarel.pt\/en\/noticias\/#breadcrumb"},"inLanguage":"en-US","potentialAction":[{"@type":"ReadAction","target":[["https:\/\/adegamarel.pt\/en\/noticias\/"]]}]},{"@type":"BreadcrumbList","@id":"https:\/\/adegamarel.pt\/en\/noticias\/#breadcrumb","itemListElement":[{"@type":"ListItem","position":1,"name":"In\u00edcio","item":"https:\/\/adegamarel.pt\/en\/"},{"@type":"ListItem","position":2,"name":"Not\u00edcias"}]},{"@type":"WebSite","@id":"https:\/\/adegamarel.pt\/en\/#website","url":"https:\/\/adegamarel.pt\/en\/","name":"Adega Marel","description":"Amareleja | Alentejo","publisher":{"@id":"https:\/\/adegamarel.pt\/en\/#organization"},"potentialAction":[{"@type":"SearchAction","target":{"@type":"EntryPoint","urlTemplate":"https:\/\/adegamarel.pt\/en\/?s={search_term_string}"},"query-input":{"@type":"PropertyValueSpecification","valueRequired":true,"valueName":"search_term_string"}}],"inLanguage":"en-US"},{"@type":"Organization","@id":"https:\/\/adegamarel.pt\/en\/#organization","name":"Adega Marel","url":"https:\/\/adegamarel.pt\/en\/","logo":{"@type":"ImageObject","inLanguage":"en-US","@id":"https:\/\/adegamarel.pt\/en\/#\/schema\/logo\/image\/","url":"https:\/\/adegamarel.pt\/wp-content\/uploads\/2019\/10\/Adega-Marel-Logos-19.png","contentUrl":"https:\/\/adegamarel.pt\/wp-content\/uploads\/2019\/10\/Adega-Marel-Logos-19.png","width":100,"height":99,"caption":"Adega Marel"},"image":{"@id":"https:\/\/adegamarel.pt\/en\/#\/schema\/logo\/image\/"},"sameAs":["https:\/\/www.facebook.com\/adega.marel","https:\/\/www.instagram.com\/adega.marel\/","https:\/\/www.linkedin.com\/company\/adega-marel"]}]}},"rttpg_featured_image_url":null,"rttpg_author":{"display_name":"yk_admin","author_link":"https:\/\/adegamarel.pt\/en\/author\/yk_admin\/"},"rttpg_comment":0,"rttpg_category":null,"rttpg_excerpt":"[vc_row row_style=&#8221;full-width&#8221; padding_size=&#8221;no-padding&#8221;][vc_column padding_size=&#8221;no-padding&#8221;][rev_slider_vc alias=&#8221;noticias-full&#8221;][\/vc_column][\/vc_row][vc_row row_style=&#8221;full-width&#8221; overlap=&#8221;top&#8221; overlap_distance=&#8221;90px&#8221; padding_size=&#8221;no-padding&#8221; css=&#8221;.vc_custom_1585241300889{margin-right: 0px !important;margin-bottom: 0px !important;margin-left: 0px !important;padding-right: 0px !important;padding-left: 0px !important;}&#8221;][vc_column padding_size=&#8221;no-padding&#8221; css=&#8221;.vc_custom_1585241308728{margin-right: 0px !important;margin-left: 0px !important;padding-right: 0px !important;padding-left: 0px !important;}&#8221;][wyde_section_separator style=&#8221;mountain-alt&#8221; background_color=&#8221;#f5f5f5&#8243; css=&#8221;.vc_custom_1571819631919{margin-right: 0px !important;margin-left: 0px !important;padding-right: 0px !important;padding-left: 0px !important;}&#8221;][\/vc_column][\/vc_row][vc_row row_style=&#8221;full-width&#8221; overlap=&#8221;top&#8221; overlap_distance=&#8221;90px&#8221; padding_size=&#8221;no-padding&#8221; css=&#8221;.vc_custom_1589966169446{margin-top: 0px !important;margin-right: 0px !important;margin-left: 0px !important;padding-top: 0px !important;padding-right: 0px&hellip;","_links":{"self":[{"href":"https:\/\/adegamarel.pt\/en\/wp-json\/wp\/v2\/pages\/7344","targetHints":{"allow":["GET"]}}],"collection":[{"href":"https:\/\/adegamarel.pt\/en\/wp-json\/wp\/v2\/pages"}],"about":[{"href":"https:\/\/adegamarel.pt\/en\/wp-json\/wp\/v2\/types\/page"}],"author":[{"embeddable":true,"href":"https:\/\/adegamarel.pt\/en\/wp-json\/wp\/v2\/users\/2"}],"replies":[{"embeddable":true,"href":"https:\/\/adegamarel.pt\/en\/wp-json\/wp\/v2\/comments?post=7344"}],"version-history":[{"count":19,"href":"https:\/\/adegamarel.pt\/en\/wp-json\/wp\/v2\/pages\/7344\/revisions"}],"predecessor-version":[{"id":8552,"href":"https:\/\/adegamarel.pt\/en\/wp-json\/wp\/v2\/pages\/7344\/revisions\/8552"}],"wp:attachment":[{"href":"https:\/\/adegamarel.pt\/en\/wp-json\/wp\/v2\/media?parent=7344"}],"curies":[{"name":"wp","href":"https:\/\/api.w.org\/{rel}","templated":true}]}}