{"id":7487,"date":"2020-03-25T08:40:28","date_gmt":"2020-03-25T08:40:28","guid":{"rendered":"http:\/\/dev-adegamarel.younik.pt\/?page_id=7487"},"modified":"2023-08-10T14:43:56","modified_gmt":"2023-08-10T14:43:56","slug":"sobre","status":"publish","type":"page","link":"https:\/\/adegamarel.pt\/en\/sobre\/","title":{"rendered":"Adega Marel"},"content":{"rendered":"<section class=\"wpb-content-wrapper\"><p>[vc_row row_style=&#8221;full-width&#8221; padding_size=&#8221;no-padding&#8221;][vc_column padding_size=&#8221;no-padding&#8221;][rev_slider_vc alias=&#8221;adega-marel-sobre&#8221;][\/vc_column][\/vc_row][vc_row row_style=&#8221;full-width&#8221; overlap=&#8221;top&#8221; overlap_distance=&#8221;90px&#8221; padding_size=&#8221;no-padding&#8221; css=&#8221;.vc_custom_1585220792911{margin-right: 0px !important;margin-left: 0px !important;padding-right: 0px !important;padding-left: 0px !important;}&#8221; el_class=&#8221;mobile-space&#8221;][vc_column padding_size=&#8221;no-padding&#8221; css=&#8221;.vc_custom_1585221149059{margin-right: 0px !important;margin-left: 0px !important;padding-right: 0px !important;padding-left: 0px !important;}&#8221;][wyde_section_separator style=&#8221;mountain-alt&#8221; background_color=&#8221;#ffffff&#8221; css=&#8221;.vc_custom_1565185545944{margin-right: 0px !important;margin-left: 0px !important;padding-right: 0px !important;padding-left: 0px !important;}&#8221;][\/vc_column][\/vc_row][vc_row padding_size=&#8221;no-padding&#8221;][vc_column][vc_empty_space height=&#8221;120px&#8221;][vc_single_image alignment=&#8221;center&#8221; image=&#8221;6982&#8243; animation=&#8221;fadeIn&#8221;][vc_empty_space height=&#8221;40px&#8221;][vc_column_text el_class=&#8221;intro-page&#8221; css=&#8221;.vc_custom_1620987549410{padding-right: 5% !important;padding-left: 5% !important;}&#8221;]<\/p>\n<p style=\"text-align: center;\">Located in Baixo Alentejo, on the left bank of the Guadiana River, the region of Amareleja has climatic and geomorphological characteristics particularly challenging for the culture of the vineyard. In this territory of great thermal amplitudes and long summers, of intense heat, throughout history, several nations have recognized its agricultural potential &#8211; especially for wine and olive production. It is presumed that it was the Tartessians that first started here in the domestication of the vines and in the following introduction of wine in the region. Then came the Phoenicians, the Greeks and only then the Romans &#8211; who generalized the culture of vine and wine in the Alentejo.<\/p>\n<p style=\"text-align: center;\">The mark of the ancestral wisdom of the Roman Empire remains in our days, both in the viticultural practices and in the traditional winemaking in clay pots (<em>amphora<\/em>).<\/p>\n<p>[\/vc_column_text][vc_empty_space height=&#8221;60px&#8221;][\/vc_column][\/vc_row][vc_row padding_size=&#8221;no-padding&#8221;][vc_column offset=&#8221;vc_hidden-sm vc_hidden-xs&#8221;][vc_empty_space height=&#8221;60px&#8221;][\/vc_column][\/vc_row][vc_row row_style=&#8221;full-width&#8221; equal_height=&#8221;true&#8221; vertical_align=&#8221;bottom&#8221; padding_size=&#8221;no-padding&#8221;][vc_column text_align=&#8221;right&#8221; width=&#8221;1\/2&#8243; animation=&#8221;fadeInLeft&#8221; el_class=&#8221;image-column-left&#8221; animation_delay=&#8221;0.2&#8243;][vc_single_image alignment=&#8221;right&#8221; image=&#8221;7587&#8243;][\/vc_column][vc_column overlap=&#8221;left&#8221; overlap_index=&#8221;50&#8243; padding_size=&#8221;no-padding&#8221; width=&#8221;1\/2&#8243; animation=&#8221;fadeInUp&#8221; animation_delay=&#8221;0.4&#8243; el_class=&#8221;image-column-right&#8221;][vc_empty_space height=&#8221;40px&#8221;][wyde_heading text_align=&#8221;left&#8221; title=&#8221;Passion&#8221; el_class=&#8221;title-offset-left&#8221; subheading=&#8221;Our&#8221;][vc_empty_space height=&#8221;40px&#8221; el_class=&#8221;mobile-space&#8221;][vc_row_inner background_color=&#8221;#ffffff&#8221; css=&#8221;.vc_custom_1586944359981{margin-top: 0px !important;margin-right: 0px !important;margin-bottom: 0px !important;margin-left: 0px !important;padding-top: 5% !important;padding-right: 5% !important;padding-bottom: 5% !important;padding-left: 5% !important;}&#8221;][vc_column_inner width=&#8221;5\/6&#8243;][vc_column_text el_class=&#8221;intro-destaque&#8221;]This project is born from the passion for Vinho de Talha (Amphora Wine) of Amareleja, for its people, customs and traditions. It unites several generations, of different origins and histories, around the reverence that we all share for this patrimonial heritage, and it\u00b4s role in this region&#8217;s identity, with pride and respect for the land and for what it offers.[\/vc_column_text][vc_empty_space height=&#8221;20px&#8221;][\/vc_column_inner][vc_column_inner width=&#8221;1\/6&#8243; offset=&#8221;vc_hidden-sm vc_hidden-xs&#8221;][\/vc_column_inner][\/vc_row_inner][vc_empty_space][\/vc_column][\/vc_row][vc_row padding_size=&#8221;no-padding&#8221;][vc_column offset=&#8221;vc_hidden-sm vc_hidden-xs&#8221;][vc_empty_space height=&#8221;160px&#8221;][\/vc_column][\/vc_row][vc_row row_style=&#8221;full-width&#8221; equal_height=&#8221;true&#8221; vertical_align=&#8221;bottom&#8221; padding_size=&#8221;no-padding&#8221; column_reverse=&#8221;sm,xs&#8221;][vc_column overlap=&#8221;right&#8221; overlap_index=&#8221;50&#8243; text_align=&#8221;right&#8221; padding_size=&#8221;no-padding&#8221; width=&#8221;1\/2&#8243; animation=&#8221;fadeInUp&#8221; animation_delay=&#8221;0.2&#8243; el_class=&#8221;text-column-left&#8221;][vc_empty_space height=&#8221;40px&#8221;][wyde_heading text_align=&#8221;right&#8221; title=&#8221;Tradition&#8221; el_class=&#8221;title-offset-left&#8221; subheading=&#8221;To Honour&#8221;][vc_empty_space height=&#8221;40px&#8221; el_class=&#8221;mobile-space&#8221;][vc_row_inner background_color=&#8221;#ffffff&#8221; css=&#8221;.vc_custom_1456548609203{margin-top: 0px !important;margin-right: 0px !important;margin-bottom: 0px !important;margin-left: 0px !important;padding-top: 5% !important;padding-right: 5% !important;padding-bottom: 5% !important;padding-left: 5% !important;}&#8221;][vc_column_inner width=&#8221;1\/6&#8243; offset=&#8221;vc_hidden-sm vc_hidden-xs&#8221;][\/vc_column_inner][vc_column_inner text_align=&#8221;right&#8221; width=&#8221;5\/6&#8243;][vc_column_text el_class=&#8221;intro-destaque&#8221;]We are a young team, with the clear objective of recovering and valuing the tradition of \u201cTalha wine\u201d, old vines and traditional grape varieties &#8211; merging the ancestral practices of vine culture with the implementation of new vines and grape varieties &#8211; with a demanding, inquisitive and curious spirit, researching techniques and methodologies, in a process of constant experimentation and learning.[\/vc_column_text][vc_empty_space height=&#8221;20px&#8221;][\/vc_column_inner][\/vc_row_inner][vc_empty_space][\/vc_column][vc_column width=&#8221;1\/2&#8243; animation=&#8221;fadeInRight&#8221; el_class=&#8221;image-column-right&#8221; animation_delay=&#8221;0&#8243;][vc_single_image image=&#8221;7933&#8243;][\/vc_column][\/vc_row][vc_row padding_size=&#8221;no-padding&#8221;][vc_column offset=&#8221;vc_hidden-sm vc_hidden-xs&#8221;][vc_empty_space height=&#8221;160px&#8221;][\/vc_column][\/vc_row][vc_row row_style=&#8221;full-width&#8221; text_style=&#8221;light&#8221; equal_height=&#8221;true&#8221; vertical_align=&#8221;middle&#8221; padding_size=&#8221;no-padding&#8221; parallax=&#8221;parallax&#8221; background_image=&#8221;8107&#8243; bg_image_url=&#8221;https:\/\/adegamarel.pt\/wp-content\/uploads\/2020\/05\/Adega-marel-amareleja-alentejo-sobre-3-min-150&#215;150.jpg&#8221;][vc_column animation=&#8221;fadeInUp&#8221; css=&#8221;.vc_custom_1606918211914{padding-right: 5% !important;padding-left: 5% !important;}&#8221; animation_delay=&#8221;0&#8243;][vc_empty_space height=&#8221;30vh&#8221;][wyde_heading title=&#8221;Our memory&#8221; el_class=&#8221;italic-claim&#8221;][wyde_heading title=&#8221;is in the wine&#8221; el_class=&#8221;italic-claim&#8221;][vc_empty_space height=&#8221;30vh&#8221;][\/vc_column][\/vc_row]<\/p>\n<\/section>","protected":false},"excerpt":{"rendered":"<p>[vc_row row_style=&#8221;full-width&#8221; padding_size=&#8221;no-padding&#8221;][vc_column padding_size=&#8221;no-padding&#8221;][rev_slider_vc alias=&#8221;adega-marel-sobre&#8221;][\/vc_column][\/vc_row][vc_row row_style=&#8221;full-width&#8221; overlap=&#8221;top&#8221; overlap_distance=&#8221;90px&#8221; padding_size=&#8221;no-padding&#8221; css=&#8221;.vc_custom_1585220792911{margin-right: 0px !important;margin-left: 0px !important;padding-right: 0px !important;padding-left: 0px !important;}&#8221; el_class=&#8221;mobile-space&#8221;][vc_column padding_size=&#8221;no-padding&#8221; css=&#8221;.vc_custom_1585221149059{margin-right: 0px !important;margin-left: 0px !important;padding-right: 0px !important;padding-left: 0px !important;}&#8221;][wyde_section_separator style=&#8221;mountain-alt&#8221; background_color=&#8221;#ffffff&#8221; css=&#8221;.vc_custom_1565185545944{margin-right: 0px !important;margin-left: 0px !important;padding-right: 0px !important;padding-left: 0px !important;}&#8221;][\/vc_column][\/vc_row][vc_row padding_size=&#8221;no-padding&#8221;][vc_column][vc_empty_space height=&#8221;120px&#8221;][vc_single_image alignment=&#8221;center&#8221; image=&#8221;6982&#8243; animation=&#8221;fadeIn&#8221;][vc_empty_space height=&#8221;40px&#8221;][vc_column_text el_class=&#8221;intro-page&#8221; css=&#8221;.vc_custom_1620987549410{padding-right: 5% !important;padding-left: 5% !important;}&#8221;] Located in Baixo [&hellip;]<\/p>\n","protected":false},"author":2,"featured_media":0,"parent":0,"menu_order":0,"comment_status":"closed","ping_status":"closed","template":"","meta":{"footnotes":""},"class_list":["post-7487","page","type-page","status-publish","hentry"],"yoast_head":"<!-- This site is optimized with the Yoast SEO plugin v27.4 - https:\/\/yoast.com\/product\/yoast-seo-wordpress\/ -->\n<title>A hist\u00f3ria da Adega Marel \u2013 projeto de vinho de talha alentejano da Amareleja &#8226; Adega Marel<\/title>\n<meta name=\"description\" content=\"O nosso projeto nasce da paix\u00e3o pela tradi\u00e7\u00e3o do Vinho de Talhaalentejano e do respeito pela terra.\" \/>\n<meta name=\"robots\" content=\"index, follow, max-snippet:-1, max-image-preview:large, max-video-preview:-1\" \/>\n<link rel=\"canonical\" href=\"https:\/\/adegamarel.pt\/en\/sobre\/\" \/>\n<meta property=\"og:locale\" content=\"en_US\" \/>\n<meta property=\"og:type\" content=\"article\" \/>\n<meta property=\"og:title\" content=\"A hist\u00f3ria da Adega Marel \u2013 projeto de vinho de talha alentejano da Amareleja &#8226; Adega Marel\" \/>\n<meta property=\"og:description\" content=\"O nosso projeto nasce da paix\u00e3o pela tradi\u00e7\u00e3o do Vinho de Talhaalentejano e do respeito pela terra.\" \/>\n<meta property=\"og:url\" content=\"https:\/\/adegamarel.pt\/en\/sobre\/\" \/>\n<meta property=\"og:site_name\" content=\"Adega Marel\" \/>\n<meta property=\"article:publisher\" content=\"https:\/\/www.facebook.com\/adega.marel\" \/>\n<meta property=\"article:modified_time\" content=\"2023-08-10T14:43:56+00:00\" \/>\n<meta name=\"twitter:card\" content=\"summary_large_image\" \/>\n<meta name=\"twitter:label1\" content=\"Est. reading time\" \/>\n\t<meta name=\"twitter:data1\" content=\"3 minutes\" \/>\n<script type=\"application\/ld+json\" class=\"yoast-schema-graph\">{\"@context\":\"https:\\\/\\\/schema.org\",\"@graph\":[{\"@type\":\"WebPage\",\"@id\":\"https:\\\/\\\/adegamarel.pt\\\/en\\\/sobre\\\/\",\"url\":\"https:\\\/\\\/adegamarel.pt\\\/en\\\/sobre\\\/\",\"name\":\"A hist\u00f3ria da Adega Marel \u2013 projeto de vinho de talha alentejano da Amareleja &#8226; Adega Marel\",\"isPartOf\":{\"@id\":\"https:\\\/\\\/adegamarel.pt\\\/en\\\/#website\"},\"datePublished\":\"2020-03-25T08:40:28+00:00\",\"dateModified\":\"2023-08-10T14:43:56+00:00\",\"description\":\"O nosso projeto nasce da paix\u00e3o pela tradi\u00e7\u00e3o do Vinho de Talhaalentejano e do respeito pela terra.\",\"breadcrumb\":{\"@id\":\"https:\\\/\\\/adegamarel.pt\\\/en\\\/sobre\\\/#breadcrumb\"},\"inLanguage\":\"en-US\",\"potentialAction\":[{\"@type\":\"ReadAction\",\"target\":[[\"https:\\\/\\\/adegamarel.pt\\\/en\\\/sobre\\\/\"]]}]},{\"@type\":\"BreadcrumbList\",\"@id\":\"https:\\\/\\\/adegamarel.pt\\\/en\\\/sobre\\\/#breadcrumb\",\"itemListElement\":[{\"@type\":\"ListItem\",\"position\":1,\"name\":\"In\u00edcio\",\"item\":\"https:\\\/\\\/adegamarel.pt\\\/en\\\/\"},{\"@type\":\"ListItem\",\"position\":2,\"name\":\"Adega Marel\"}]},{\"@type\":\"WebSite\",\"@id\":\"https:\\\/\\\/adegamarel.pt\\\/en\\\/#website\",\"url\":\"https:\\\/\\\/adegamarel.pt\\\/en\\\/\",\"name\":\"Adega Marel\",\"description\":\"Amareleja | Alentejo\",\"publisher\":{\"@id\":\"https:\\\/\\\/adegamarel.pt\\\/en\\\/#organization\"},\"potentialAction\":[{\"@type\":\"SearchAction\",\"target\":{\"@type\":\"EntryPoint\",\"urlTemplate\":\"https:\\\/\\\/adegamarel.pt\\\/en\\\/?s={search_term_string}\"},\"query-input\":{\"@type\":\"PropertyValueSpecification\",\"valueRequired\":true,\"valueName\":\"search_term_string\"}}],\"inLanguage\":\"en-US\"},{\"@type\":\"Organization\",\"@id\":\"https:\\\/\\\/adegamarel.pt\\\/en\\\/#organization\",\"name\":\"Adega Marel\",\"url\":\"https:\\\/\\\/adegamarel.pt\\\/en\\\/\",\"logo\":{\"@type\":\"ImageObject\",\"inLanguage\":\"en-US\",\"@id\":\"https:\\\/\\\/adegamarel.pt\\\/en\\\/#\\\/schema\\\/logo\\\/image\\\/\",\"url\":\"https:\\\/\\\/adegamarel.pt\\\/wp-content\\\/uploads\\\/2019\\\/10\\\/Adega-Marel-Logos-19.png\",\"contentUrl\":\"https:\\\/\\\/adegamarel.pt\\\/wp-content\\\/uploads\\\/2019\\\/10\\\/Adega-Marel-Logos-19.png\",\"width\":100,\"height\":99,\"caption\":\"Adega Marel\"},\"image\":{\"@id\":\"https:\\\/\\\/adegamarel.pt\\\/en\\\/#\\\/schema\\\/logo\\\/image\\\/\"},\"sameAs\":[\"https:\\\/\\\/www.facebook.com\\\/adega.marel\",\"https:\\\/\\\/www.instagram.com\\\/adega.marel\\\/\",\"https:\\\/\\\/www.linkedin.com\\\/company\\\/adega-marel\"]}]}<\/script>\n<!-- \/ Yoast SEO plugin. -->","yoast_head_json":{"title":"A hist\u00f3ria da Adega Marel \u2013 projeto de vinho de talha alentejano da Amareleja &#8226; Adega Marel","description":"O nosso projeto nasce da paix\u00e3o pela tradi\u00e7\u00e3o do Vinho de Talhaalentejano e do respeito pela terra.","robots":{"index":"index","follow":"follow","max-snippet":"max-snippet:-1","max-image-preview":"max-image-preview:large","max-video-preview":"max-video-preview:-1"},"canonical":"https:\/\/adegamarel.pt\/en\/sobre\/","og_locale":"en_US","og_type":"article","og_title":"A hist\u00f3ria da Adega Marel \u2013 projeto de vinho de talha alentejano da Amareleja &#8226; Adega Marel","og_description":"O nosso projeto nasce da paix\u00e3o pela tradi\u00e7\u00e3o do Vinho de Talhaalentejano e do respeito pela terra.","og_url":"https:\/\/adegamarel.pt\/en\/sobre\/","og_site_name":"Adega Marel","article_publisher":"https:\/\/www.facebook.com\/adega.marel","article_modified_time":"2023-08-10T14:43:56+00:00","twitter_card":"summary_large_image","twitter_misc":{"Est. reading time":"3 minutes"},"schema":{"@context":"https:\/\/schema.org","@graph":[{"@type":"WebPage","@id":"https:\/\/adegamarel.pt\/en\/sobre\/","url":"https:\/\/adegamarel.pt\/en\/sobre\/","name":"A hist\u00f3ria da Adega Marel \u2013 projeto de vinho de talha alentejano da Amareleja &#8226; Adega Marel","isPartOf":{"@id":"https:\/\/adegamarel.pt\/en\/#website"},"datePublished":"2020-03-25T08:40:28+00:00","dateModified":"2023-08-10T14:43:56+00:00","description":"O nosso projeto nasce da paix\u00e3o pela tradi\u00e7\u00e3o do Vinho de Talhaalentejano e do respeito pela terra.","breadcrumb":{"@id":"https:\/\/adegamarel.pt\/en\/sobre\/#breadcrumb"},"inLanguage":"en-US","potentialAction":[{"@type":"ReadAction","target":[["https:\/\/adegamarel.pt\/en\/sobre\/"]]}]},{"@type":"BreadcrumbList","@id":"https:\/\/adegamarel.pt\/en\/sobre\/#breadcrumb","itemListElement":[{"@type":"ListItem","position":1,"name":"In\u00edcio","item":"https:\/\/adegamarel.pt\/en\/"},{"@type":"ListItem","position":2,"name":"Adega Marel"}]},{"@type":"WebSite","@id":"https:\/\/adegamarel.pt\/en\/#website","url":"https:\/\/adegamarel.pt\/en\/","name":"Adega Marel","description":"Amareleja | Alentejo","publisher":{"@id":"https:\/\/adegamarel.pt\/en\/#organization"},"potentialAction":[{"@type":"SearchAction","target":{"@type":"EntryPoint","urlTemplate":"https:\/\/adegamarel.pt\/en\/?s={search_term_string}"},"query-input":{"@type":"PropertyValueSpecification","valueRequired":true,"valueName":"search_term_string"}}],"inLanguage":"en-US"},{"@type":"Organization","@id":"https:\/\/adegamarel.pt\/en\/#organization","name":"Adega Marel","url":"https:\/\/adegamarel.pt\/en\/","logo":{"@type":"ImageObject","inLanguage":"en-US","@id":"https:\/\/adegamarel.pt\/en\/#\/schema\/logo\/image\/","url":"https:\/\/adegamarel.pt\/wp-content\/uploads\/2019\/10\/Adega-Marel-Logos-19.png","contentUrl":"https:\/\/adegamarel.pt\/wp-content\/uploads\/2019\/10\/Adega-Marel-Logos-19.png","width":100,"height":99,"caption":"Adega Marel"},"image":{"@id":"https:\/\/adegamarel.pt\/en\/#\/schema\/logo\/image\/"},"sameAs":["https:\/\/www.facebook.com\/adega.marel","https:\/\/www.instagram.com\/adega.marel\/","https:\/\/www.linkedin.com\/company\/adega-marel"]}]}},"rttpg_featured_image_url":null,"rttpg_author":{"display_name":"yk_admin","author_link":"https:\/\/adegamarel.pt\/en\/author\/yk_admin\/"},"rttpg_comment":0,"rttpg_category":null,"rttpg_excerpt":"[vc_row row_style=&#8221;full-width&#8221; padding_size=&#8221;no-padding&#8221;][vc_column padding_size=&#8221;no-padding&#8221;][rev_slider_vc alias=&#8221;adega-marel-sobre&#8221;][\/vc_column][\/vc_row][vc_row row_style=&#8221;full-width&#8221; overlap=&#8221;top&#8221; overlap_distance=&#8221;90px&#8221; padding_size=&#8221;no-padding&#8221; css=&#8221;.vc_custom_1585220792911{margin-right: 0px !important;margin-left: 0px !important;padding-right: 0px !important;padding-left: 0px !important;}&#8221; el_class=&#8221;mobile-space&#8221;][vc_column padding_size=&#8221;no-padding&#8221; css=&#8221;.vc_custom_1585221149059{margin-right: 0px !important;margin-left: 0px !important;padding-right: 0px !important;padding-left: 0px !important;}&#8221;][wyde_section_separator style=&#8221;mountain-alt&#8221; background_color=&#8221;#ffffff&#8221; css=&#8221;.vc_custom_1565185545944{margin-right: 0px !important;margin-left: 0px !important;padding-right: 0px !important;padding-left: 0px !important;}&#8221;][\/vc_column][\/vc_row][vc_row padding_size=&#8221;no-padding&#8221;][vc_column][vc_empty_space height=&#8221;120px&#8221;][vc_single_image alignment=&#8221;center&#8221; image=&#8221;6982&#8243; animation=&#8221;fadeIn&#8221;][vc_empty_space height=&#8221;40px&#8221;][vc_column_text el_class=&#8221;intro-page&#8221; css=&#8221;.vc_custom_1620987549410{padding-right: 5% !important;padding-left: 5% !important;}&#8221;] Located in Baixo&hellip;","_links":{"self":[{"href":"https:\/\/adegamarel.pt\/en\/wp-json\/wp\/v2\/pages\/7487","targetHints":{"allow":["GET"]}}],"collection":[{"href":"https:\/\/adegamarel.pt\/en\/wp-json\/wp\/v2\/pages"}],"about":[{"href":"https:\/\/adegamarel.pt\/en\/wp-json\/wp\/v2\/types\/page"}],"author":[{"embeddable":true,"href":"https:\/\/adegamarel.pt\/en\/wp-json\/wp\/v2\/users\/2"}],"replies":[{"embeddable":true,"href":"https:\/\/adegamarel.pt\/en\/wp-json\/wp\/v2\/comments?post=7487"}],"version-history":[{"count":158,"href":"https:\/\/adegamarel.pt\/en\/wp-json\/wp\/v2\/pages\/7487\/revisions"}],"predecessor-version":[{"id":8732,"href":"https:\/\/adegamarel.pt\/en\/wp-json\/wp\/v2\/pages\/7487\/revisions\/8732"}],"wp:attachment":[{"href":"https:\/\/adegamarel.pt\/en\/wp-json\/wp\/v2\/media?parent=7487"}],"curies":[{"name":"wp","href":"https:\/\/api.w.org\/{rel}","templated":true}]}}