{"id":8219,"date":"2020-05-26T16:55:14","date_gmt":"2020-05-26T16:55:14","guid":{"rendered":"http:\/\/dev-adegamarel.younik.pt\/?post_type=product&#038;p=8219"},"modified":"2023-08-10T14:21:34","modified_gmt":"2023-08-10T14:21:34","slug":"marel-vinho-rose-2021","status":"publish","type":"product","link":"https:\/\/adegamarel.pt\/en\/product\/marel-vinho-rose-2021\/","title":{"rendered":"Rose"},"content":{"rendered":"","protected":false},"excerpt":{"rendered":"<p class=\"subheading produtos\">2021\u00a0 |\u00a0 Marel<\/p>\n<p><strong>Grape Varieties &#8211; <\/strong><em><a href=\"\/vinhas\/agulhas\/\">Moreto<\/a>, <a href=\"\/vinhas\/narra-tintos\/\">Touriga Nacional<\/a><\/em><\/p>\n<p>Visually, it is cherry-coloured with little intensity and with a soft tone.<\/p>\n<p>Aromatically it is delicate yet complex. The aroma is dominated by notes of red fruits (raspberry, strawberry), there are floral notes of Lavender and even a touch of dry grass.<\/p>\n<p>In the mouth it has an excellent balance, presenting a lively acidity and a good mouth volume. It is rich, textured, long and pleasant finish.<\/p>\n<p><a href=\"https:\/\/adegamarel.pt\/wp-content\/uploads\/2023\/01\/Technical-Sheet-MAREL-ROSE-2021.pdf\" target=\"_blank\" rel=\"noopener noreferrer\"><strong>Download Technical Sheet<\/strong><\/a><br \/>\n<a class=\"ver-produto-loja\" href=\"\/product\/marel-vinho-rose-2019-shop\/\"><br \/>\n<i class=\"bigmug-line-shopping-bag\"><\/i><strong> See product in the shop<\/strong><br \/>\n<\/a><\/p>\n","protected":false},"featured_media":8223,"template":"","meta":[],"product_brand":[],"product_cat":[170],"product_tag":[],"class_list":{"0":"post-8219","1":"product","2":"type-product","3":"status-publish","4":"has-post-thumbnail","6":"product_cat-vinhos-marel","8":"first","9":"outofstock","10":"virtual","11":"product-type-simple","12":"w-item","13":"col-3"},"yoast_head":"<!-- This site is optimized with the Yoast SEO plugin v27.4 - https:\/\/yoast.com\/product\/yoast-seo-wordpress\/ -->\n<title>Rose &#8226; Adega Marel<\/title>\n<meta name=\"robots\" content=\"index, follow, max-snippet:-1, max-image-preview:large, max-video-preview:-1\" \/>\n<link rel=\"canonical\" href=\"https:\/\/adegamarel.pt\/en\/product\/marel-vinho-rose-2021\/\" \/>\n<meta property=\"og:locale\" content=\"en_US\" \/>\n<meta property=\"og:type\" content=\"article\" \/>\n<meta property=\"og:title\" content=\"Rose &#8226; Adega Marel\" \/>\n<meta property=\"og:description\" content=\"2021\u00a0 |\u00a0 Marel Grape Varieties - Moreto, Touriga Nacional  Visually, it is cherry-coloured with little intensity and with a soft tone.  Aromatically it is delicate yet complex. The aroma is dominated by notes of red fruits (raspberry, strawberry), there are floral notes of Lavender and even a touch of dry grass.  In the mouth it has an excellent balance, presenting a lively acidity and a good mouth volume. It is rich, textured, long and pleasant finish.  Download Technical Sheet   See product in the shop\" \/>\n<meta property=\"og:url\" content=\"https:\/\/adegamarel.pt\/en\/product\/marel-vinho-rose-2021\/\" \/>\n<meta property=\"og:site_name\" content=\"Adega Marel\" \/>\n<meta property=\"article:publisher\" content=\"https:\/\/www.facebook.com\/adega.marel\" \/>\n<meta property=\"article:modified_time\" content=\"2023-08-10T14:21:34+00:00\" \/>\n<meta property=\"og:image\" content=\"https:\/\/adegamarel.pt\/wp-content\/uploads\/2020\/05\/Adega-marel-marel-rose-2019.jpg\" \/>\n\t<meta property=\"og:image:width\" content=\"1350\" \/>\n\t<meta property=\"og:image:height\" content=\"1807\" \/>\n\t<meta property=\"og:image:type\" content=\"image\/jpeg\" \/>\n<meta name=\"twitter:card\" content=\"summary_large_image\" \/>\n<script type=\"application\/ld+json\" class=\"yoast-schema-graph\">{\"@context\":\"https:\\\/\\\/schema.org\",\"@graph\":[{\"@type\":\"WebPage\",\"@id\":\"https:\\\/\\\/adegamarel.pt\\\/en\\\/product\\\/marel-vinho-rose-2021\\\/\",\"url\":\"https:\\\/\\\/adegamarel.pt\\\/en\\\/product\\\/marel-vinho-rose-2021\\\/\",\"name\":\"Rose &#8226; Adega Marel\",\"isPartOf\":{\"@id\":\"https:\\\/\\\/adegamarel.pt\\\/en\\\/#website\"},\"primaryImageOfPage\":{\"@id\":\"https:\\\/\\\/adegamarel.pt\\\/en\\\/product\\\/marel-vinho-rose-2021\\\/#primaryimage\"},\"image\":{\"@id\":\"https:\\\/\\\/adegamarel.pt\\\/product\\\/marel-vinho-rose-2021\\\/#primaryimage\"},\"thumbnailUrl\":\"https:\\\/\\\/adegamarel.pt\\\/wp-content\\\/uploads\\\/2020\\\/05\\\/Adega-marel-marel-rose-2019.jpg\",\"datePublished\":\"2020-05-26T16:55:14+00:00\",\"dateModified\":\"2023-08-10T14:21:34+00:00\",\"breadcrumb\":{\"@id\":\"https:\\\/\\\/adegamarel.pt\\\/en\\\/product\\\/marel-vinho-rose-2021\\\/#breadcrumb\"},\"inLanguage\":\"en-US\",\"potentialAction\":[{\"@type\":\"ReadAction\",\"target\":[[\"https:\\\/\\\/adegamarel.pt\\\/en\\\/product\\\/marel-vinho-rose-2021\\\/\"]]}]},{\"@type\":\"ImageObject\",\"inLanguage\":\"en-US\",\"@id\":\"https:\\\/\\\/adegamarel.pt\\\/en\\\/product\\\/marel-vinho-rose-2021\\\/#primaryimage\",\"url\":\"https:\\\/\\\/adegamarel.pt\\\/wp-content\\\/uploads\\\/2020\\\/05\\\/Adega-marel-marel-rose-2019.jpg\",\"contentUrl\":\"https:\\\/\\\/adegamarel.pt\\\/wp-content\\\/uploads\\\/2020\\\/05\\\/Adega-marel-marel-rose-2019.jpg\",\"width\":1350,\"height\":1807,\"caption\":\"Garrafa de vinho Marel Ros\u00e9 com r\u00f3tulo onde o chifre do Marel \u00e9 azul escuro\"},{\"@type\":\"BreadcrumbList\",\"@id\":\"https:\\\/\\\/adegamarel.pt\\\/en\\\/product\\\/marel-vinho-rose-2021\\\/#breadcrumb\",\"itemListElement\":[{\"@type\":\"ListItem\",\"position\":1,\"name\":\"In\u00edcio\",\"item\":\"https:\\\/\\\/adegamarel.pt\\\/en\\\/\"},{\"@type\":\"ListItem\",\"position\":2,\"name\":\"Produtos\",\"item\":\"https:\\\/\\\/adegamarel.pt\\\/en\\\/shop\\\/\"},{\"@type\":\"ListItem\",\"position\":3,\"name\":\"Ros\u00e9\"}]},{\"@type\":\"WebSite\",\"@id\":\"https:\\\/\\\/adegamarel.pt\\\/en\\\/#website\",\"url\":\"https:\\\/\\\/adegamarel.pt\\\/en\\\/\",\"name\":\"Adega Marel\",\"description\":\"Amareleja | Alentejo\",\"publisher\":{\"@id\":\"https:\\\/\\\/adegamarel.pt\\\/en\\\/#organization\"},\"potentialAction\":[{\"@type\":\"SearchAction\",\"target\":{\"@type\":\"EntryPoint\",\"urlTemplate\":\"https:\\\/\\\/adegamarel.pt\\\/en\\\/?s={search_term_string}\"},\"query-input\":{\"@type\":\"PropertyValueSpecification\",\"valueRequired\":true,\"valueName\":\"search_term_string\"}}],\"inLanguage\":\"en-US\"},{\"@type\":\"Organization\",\"@id\":\"https:\\\/\\\/adegamarel.pt\\\/en\\\/#organization\",\"name\":\"Adega Marel\",\"url\":\"https:\\\/\\\/adegamarel.pt\\\/en\\\/\",\"logo\":{\"@type\":\"ImageObject\",\"inLanguage\":\"en-US\",\"@id\":\"https:\\\/\\\/adegamarel.pt\\\/en\\\/#\\\/schema\\\/logo\\\/image\\\/\",\"url\":\"https:\\\/\\\/adegamarel.pt\\\/wp-content\\\/uploads\\\/2019\\\/10\\\/Adega-Marel-Logos-19.png\",\"contentUrl\":\"https:\\\/\\\/adegamarel.pt\\\/wp-content\\\/uploads\\\/2019\\\/10\\\/Adega-Marel-Logos-19.png\",\"width\":100,\"height\":99,\"caption\":\"Adega Marel\"},\"image\":{\"@id\":\"https:\\\/\\\/adegamarel.pt\\\/en\\\/#\\\/schema\\\/logo\\\/image\\\/\"},\"sameAs\":[\"https:\\\/\\\/www.facebook.com\\\/adega.marel\",\"https:\\\/\\\/www.instagram.com\\\/adega.marel\\\/\",\"https:\\\/\\\/www.linkedin.com\\\/company\\\/adega-marel\"]}]}<\/script>\n<!-- \/ Yoast SEO plugin. -->","yoast_head_json":{"title":"Rose &#8226; Adega Marel","robots":{"index":"index","follow":"follow","max-snippet":"max-snippet:-1","max-image-preview":"max-image-preview:large","max-video-preview":"max-video-preview:-1"},"canonical":"https:\/\/adegamarel.pt\/en\/product\/marel-vinho-rose-2021\/","og_locale":"en_US","og_type":"article","og_title":"Rose &#8226; Adega Marel","og_description":"2021\u00a0 |\u00a0 Marel Grape Varieties - Moreto, Touriga Nacional  Visually, it is cherry-coloured with little intensity and with a soft tone.  Aromatically it is delicate yet complex. The aroma is dominated by notes of red fruits (raspberry, strawberry), there are floral notes of Lavender and even a touch of dry grass.  In the mouth it has an excellent balance, presenting a lively acidity and a good mouth volume. It is rich, textured, long and pleasant finish.  Download Technical Sheet   See product in the shop","og_url":"https:\/\/adegamarel.pt\/en\/product\/marel-vinho-rose-2021\/","og_site_name":"Adega Marel","article_publisher":"https:\/\/www.facebook.com\/adega.marel","article_modified_time":"2023-08-10T14:21:34+00:00","og_image":[{"width":1350,"height":1807,"url":"https:\/\/adegamarel.pt\/wp-content\/uploads\/2020\/05\/Adega-marel-marel-rose-2019.jpg","type":"image\/jpeg"}],"twitter_card":"summary_large_image","schema":{"@context":"https:\/\/schema.org","@graph":[{"@type":"WebPage","@id":"https:\/\/adegamarel.pt\/en\/product\/marel-vinho-rose-2021\/","url":"https:\/\/adegamarel.pt\/en\/product\/marel-vinho-rose-2021\/","name":"Rose &#8226; Adega Marel","isPartOf":{"@id":"https:\/\/adegamarel.pt\/en\/#website"},"primaryImageOfPage":{"@id":"https:\/\/adegamarel.pt\/en\/product\/marel-vinho-rose-2021\/#primaryimage"},"image":{"@id":"https:\/\/adegamarel.pt\/product\/marel-vinho-rose-2021\/#primaryimage"},"thumbnailUrl":"https:\/\/adegamarel.pt\/wp-content\/uploads\/2020\/05\/Adega-marel-marel-rose-2019.jpg","datePublished":"2020-05-26T16:55:14+00:00","dateModified":"2023-08-10T14:21:34+00:00","breadcrumb":{"@id":"https:\/\/adegamarel.pt\/en\/product\/marel-vinho-rose-2021\/#breadcrumb"},"inLanguage":"en-US","potentialAction":[{"@type":"ReadAction","target":[["https:\/\/adegamarel.pt\/en\/product\/marel-vinho-rose-2021\/"]]}]},{"@type":"ImageObject","inLanguage":"en-US","@id":"https:\/\/adegamarel.pt\/en\/product\/marel-vinho-rose-2021\/#primaryimage","url":"https:\/\/adegamarel.pt\/wp-content\/uploads\/2020\/05\/Adega-marel-marel-rose-2019.jpg","contentUrl":"https:\/\/adegamarel.pt\/wp-content\/uploads\/2020\/05\/Adega-marel-marel-rose-2019.jpg","width":1350,"height":1807,"caption":"Garrafa de vinho Marel Ros\u00e9 com r\u00f3tulo onde o chifre do Marel \u00e9 azul escuro"},{"@type":"BreadcrumbList","@id":"https:\/\/adegamarel.pt\/en\/product\/marel-vinho-rose-2021\/#breadcrumb","itemListElement":[{"@type":"ListItem","position":1,"name":"In\u00edcio","item":"https:\/\/adegamarel.pt\/en\/"},{"@type":"ListItem","position":2,"name":"Produtos","item":"https:\/\/adegamarel.pt\/en\/shop\/"},{"@type":"ListItem","position":3,"name":"Ros\u00e9"}]},{"@type":"WebSite","@id":"https:\/\/adegamarel.pt\/en\/#website","url":"https:\/\/adegamarel.pt\/en\/","name":"Adega Marel","description":"Amareleja | Alentejo","publisher":{"@id":"https:\/\/adegamarel.pt\/en\/#organization"},"potentialAction":[{"@type":"SearchAction","target":{"@type":"EntryPoint","urlTemplate":"https:\/\/adegamarel.pt\/en\/?s={search_term_string}"},"query-input":{"@type":"PropertyValueSpecification","valueRequired":true,"valueName":"search_term_string"}}],"inLanguage":"en-US"},{"@type":"Organization","@id":"https:\/\/adegamarel.pt\/en\/#organization","name":"Adega Marel","url":"https:\/\/adegamarel.pt\/en\/","logo":{"@type":"ImageObject","inLanguage":"en-US","@id":"https:\/\/adegamarel.pt\/en\/#\/schema\/logo\/image\/","url":"https:\/\/adegamarel.pt\/wp-content\/uploads\/2019\/10\/Adega-Marel-Logos-19.png","contentUrl":"https:\/\/adegamarel.pt\/wp-content\/uploads\/2019\/10\/Adega-Marel-Logos-19.png","width":100,"height":99,"caption":"Adega Marel"},"image":{"@id":"https:\/\/adegamarel.pt\/en\/#\/schema\/logo\/image\/"},"sameAs":["https:\/\/www.facebook.com\/adega.marel","https:\/\/www.instagram.com\/adega.marel\/","https:\/\/www.linkedin.com\/company\/adega-marel"]}]}},"_links":{"self":[{"href":"https:\/\/adegamarel.pt\/en\/wp-json\/wp\/v2\/product\/8219","targetHints":{"allow":["GET"]}}],"collection":[{"href":"https:\/\/adegamarel.pt\/en\/wp-json\/wp\/v2\/product"}],"about":[{"href":"https:\/\/adegamarel.pt\/en\/wp-json\/wp\/v2\/types\/product"}],"wp:featuredmedia":[{"embeddable":true,"href":"https:\/\/adegamarel.pt\/en\/wp-json\/wp\/v2\/media\/8223"}],"wp:attachment":[{"href":"https:\/\/adegamarel.pt\/en\/wp-json\/wp\/v2\/media?parent=8219"}],"wp:term":[{"taxonomy":"product_brand","embeddable":true,"href":"https:\/\/adegamarel.pt\/en\/wp-json\/wp\/v2\/product_brand?post=8219"},{"taxonomy":"product_cat","embeddable":true,"href":"https:\/\/adegamarel.pt\/en\/wp-json\/wp\/v2\/product_cat?post=8219"},{"taxonomy":"product_tag","embeddable":true,"href":"https:\/\/adegamarel.pt\/en\/wp-json\/wp\/v2\/product_tag?post=8219"}],"curies":[{"name":"wp","href":"https:\/\/api.w.org\/{rel}","templated":true}]}}